{"id":5,"date":"2014-09-16T12:47:32","date_gmt":"2014-09-16T12:47:32","guid":{"rendered":"http:\/\/zweckverband-hamburger-hallig.de\/?page_id=5"},"modified":"2017-02-09T09:16:24","modified_gmt":"2017-02-09T09:16:24","slug":"impressum","status":"publish","type":"page","link":"http:\/\/zweckverband-hamburger-hallig.de\/?page_id=5","title":{"rendered":"Impressum"},"content":{"rendered":"<p><strong>Impressum:<\/strong><\/p>\n<p style=\"text-align: justify;\">Allgemeine Hinweise<\/p>\n<p>Der Zweckverband Hamburger Hallig \u00fcbernimmt keine Haftung oder Garantie f\u00fcr die Aktualit\u00e4t, Richtigkeit und Vollst\u00e4ndigkeit der Inhalte und Informationen, die auf direkten oder indirekten digitalen Verbindungen (\u00bbLinks\u00ab) zu dieser Website bereitgestellt werden. Auch ist der Zweckverband Hamburger Hallig nicht verantwortlich f\u00fcr die Inhalte der Websites, die mit solchen Links erreicht werden.<\/p>\n<p>Der Zweckverband Hamburger Hallig beh\u00e4lt sich das Recht vor, ohne vorherige Ank\u00fcndigung \u00c4nderungen oder Erg\u00e4nzungen der hier bereitgestellten Informationen vorzunehmen.<\/p>\n<p>Der Inhalt und die Darstellung dieser Website ist urheberrechtlich gesch\u00fctzt. Insbesondere ist die Speicherung und Vervielf\u00e4ltigung von hier wiedergegebenem Bildmaterial, von Fotografien oder Grafiken aus urheberrechtlichen Gr\u00fcnden nicht gestattet.<\/p>\n<p>Die Nutzung des \u00fcbrigen Materials ist ausschlie\u00dflich zu privaten Zwecken gestattet. Jede gewerbliche Nutzung bedarf der vorherigen schriftlichen Genehmigung.<\/p>\n<p>Der Zweckverband Hamburger Hallig haftet nicht f\u00fcr direkte oder indirekte Sch\u00e4den, einschlie\u00dflich entgangenen Gewinns, die auf Grund von oder sonstwie in Verbindung mit Informationen entstehen, die auf dieser Website bereitgehalten werden.<\/p>\n<p>Wichtiger Hinweis:<br \/>\nDer E-Mail Kommunikationsweg steht ausschlie\u00dflich f\u00fcr Verwaltungsangelegenheiten zur Verf\u00fcgung. Es wird darauf hingewiesen, dass mit diesem Kommunikationsmittel Verfahrensantr\u00e4ge oder Schrifts\u00e4tze nicht rechtswirksam eingereicht werden k\u00f6nnen. Sollte Ihre Nachricht einen entsprechenden Schriftsatz beinhalten, ist eine Wiederholung der \u00dcbermittlung mittels Telefax (04671\/919293) oder auf dem Postwege unbedingt erforderlich. Da es aus verwaltungsinternen Gr\u00fcnden derzeit nicht m\u00f6glich ist, alle Eingaben, die per E-Mail eingehen, auch auf dem elektronischen Wege zu beantworten, werden die Nutzer des Email-Zugangs gebeten, neben der E-Mail Adresse auch Ihre Postanschrift anzugeben.<br \/>\nBei Fragen wenden Sie sich bitte an:<\/p>\n<p><strong>Zweckverband Hamburger Hallig<\/strong><br \/>\n<strong>Amt Mittleres Nordfriesland<\/strong><br \/>\n<strong> Theodor-Storm-Stra\u00dfe 2<\/strong><br \/>\n<strong> 25821 Bredstedt<\/strong><\/p>\n<p>Telefon: +49 4671 9192-0<br \/>\nFax: +49 4671 9192-93<\/p>\n<p>Internet:<br \/>\n<a href=\"http:\/\/www.amnf.de\/\" target=\"_blank\">www.zweckverband-hamburger-hallig.de<br \/>\nwww.amnf.de <\/a><\/p>\n","protected":false},"excerpt":{"rendered":"<p>Impressum: Allgemeine Hinweise Der Zweckverband Hamburger Hallig \u00fcbernimmt keine Haftung oder Garantie f\u00fcr die Aktualit\u00e4t, Richtigkeit und Vollst\u00e4ndigkeit der Inhalte und Informationen, die auf direkten oder indirekten digitalen Verbindungen (\u00bbLinks\u00ab) zu dieser Website bereitgestellt werden. Auch ist der Zweckverband Hamburger Hallig nicht verantwortlich f\u00fcr die Inhalte der Websites, die mit solchen Links erreicht werden. Der &hellip; <a href=\"http:\/\/zweckverband-hamburger-hallig.de\/?page_id=5\" class=\"more-link\"><span class=\"screen-reader-text\">Impressum<\/span> weiterlesen <span class=\"meta-nav\">&rarr;<\/span><\/a><\/p>\n","protected":false},"author":2,"featured_media":0,"parent":0,"menu_order":0,"comment_status":"closed","ping_status":"closed","template":"","meta":{"footnotes":""},"class_list":["post-5","page","type-page","status-publish","hentry"],"_links":{"self":[{"href":"http:\/\/zweckverband-hamburger-hallig.de\/index.php?rest_route=\/wp\/v2\/pages\/5","targetHints":{"allow":["GET"]}}],"collection":[{"href":"http:\/\/zweckverband-hamburger-hallig.de\/index.php?rest_route=\/wp\/v2\/pages"}],"about":[{"href":"http:\/\/zweckverband-hamburger-hallig.de\/index.php?rest_route=\/wp\/v2\/types\/page"}],"author":[{"embeddable":true,"href":"http:\/\/zweckverband-hamburger-hallig.de\/index.php?rest_route=\/wp\/v2\/users\/2"}],"replies":[{"embeddable":true,"href":"http:\/\/zweckverband-hamburger-hallig.de\/index.php?rest_route=%2Fwp%2Fv2%2Fcomments&post=5"}],"version-history":[{"count":6,"href":"http:\/\/zweckverband-hamburger-hallig.de\/index.php?rest_route=\/wp\/v2\/pages\/5\/revisions"}],"predecessor-version":[{"id":83,"href":"http:\/\/zweckverband-hamburger-hallig.de\/index.php?rest_route=\/wp\/v2\/pages\/5\/revisions\/83"}],"wp:attachment":[{"href":"http:\/\/zweckverband-hamburger-hallig.de\/index.php?rest_route=%2Fwp%2Fv2%2Fmedia&parent=5"}],"curies":[{"name":"wp","href":"https:\/\/api.w.org\/{rel}","templated":true}]}}