{"id":17,"date":"2014-09-16T12:50:06","date_gmt":"2014-09-16T12:50:06","guid":{"rendered":"http:\/\/zweckverband-hamburger-hallig.de\/?page_id=17"},"modified":"2017-03-16T14:07:14","modified_gmt":"2017-03-16T14:07:14","slug":"der-verband","status":"publish","type":"page","link":"http:\/\/zweckverband-hamburger-hallig.de\/?page_id=17","title":{"rendered":"Der Verband"},"content":{"rendered":"<p style=\"text-align: justify;\">Der Zweckverband Hamburger Hallig ist ein Zusammenschluss folgender Institutionen:<\/p>\n<ul style=\"text-align: justify;\">\n<li style=\"text-align: justify;\">Gemeinde Reu\u00dfenk\u00f6ge,<\/li>\n<li style=\"text-align: justify;\">Amt Mittleres Nordfriesland,<\/li>\n<li style=\"text-align: justify;\">Land Schles\u00adwig-Holstein, vertreten durch den Landesbetrieb f\u00fcr K\u00fcstenschutz, Nationalpark und Meeresschutz (LKN)<\/li>\n<li style=\"text-align: justify;\">Natur\u00adschutzbund Deutschland (NABU)<\/li>\n<\/ul>\n<p style=\"text-align: justify;\">Der Zweckverband ist eine K\u00f6rperschaft des \u00f6ffentlichen Rechts, die nach dem Gesetz \u00fcber Kommunale Zusammenarbeit (GkZ) durch \u00f6ffentlich-rechtlichen Vertrag gebildet wurde.<\/p>\n<p style=\"text-align: justify;\">Die Verwaltung erfolgt durch das Amt Mittleres Nordfriesland.<\/p>\n<p style=\"text-align: justify;\">Zweckverbandsvorsteher ist Herr Gerhard Volquardsen, Gemeinde Reu\u00dfenk\u00f6ge.<\/p>\n<p style=\"text-align: justify;\">Zu den Aufgaben des Zweckverbandes geh\u00f6ren u.a.:<\/p>\n<ul>\n<li style=\"text-align: justify;\">Erhaltung und Verbesserung der Tourismus- und Informationsinfrastruktur sowie F\u00f6rderung des Naturerlebnisses im Zusammenhang mit der Hamburger Hallig.<\/li>\n<li style=\"text-align: justify;\">Erhalt und Verbesserung der Infrastruktur im Zusammenhang mit der Badestelle Hamburger Hallig.<\/li>\n<li style=\"text-align: justify;\">Unterhaltung der Auto-, Fahrrad- und Fu\u00dfg\u00e4ngerspuren als Zuwegung zur Hamburger Hallig sowie der Parkpl\u00e4tze am Schafberg und auf der Hamburger Hallig.<\/li>\n<li style=\"text-align: justify;\">Binnendeichs, am \u00dcberweg zur Hamburger Hallig, die Infrastruktur f\u00fcr den Ser\u00advicebetrieb zu erhalten und zu verbessern. Dazu geh\u00f6ren die \u00f6ffentlichen Toi\u00adletten, der Fahrradverleih, ein Kiosk, der Schrankenbetrieb, die Parkpl\u00e4tze und die Informationsm\u00f6glichkeiten.<\/li>\n<\/ul>\n","protected":false},"excerpt":{"rendered":"<p>Der Zweckverband Hamburger Hallig ist ein Zusammenschluss folgender Institutionen: Gemeinde Reu\u00dfenk\u00f6ge, Amt Mittleres Nordfriesland, Land Schles\u00adwig-Holstein, vertreten durch den Landesbetrieb f\u00fcr K\u00fcstenschutz, Nationalpark und Meeresschutz (LKN) Natur\u00adschutzbund Deutschland (NABU) Der Zweckverband ist eine K\u00f6rperschaft des \u00f6ffentlichen Rechts, die nach dem Gesetz \u00fcber Kommunale Zusammenarbeit (GkZ) durch \u00f6ffentlich-rechtlichen Vertrag gebildet wurde. Die Verwaltung erfolgt durch das &hellip; <a href=\"http:\/\/zweckverband-hamburger-hallig.de\/?page_id=17\" class=\"more-link\"><span class=\"screen-reader-text\">Der Verband<\/span> weiterlesen <span class=\"meta-nav\">&rarr;<\/span><\/a><\/p>\n","protected":false},"author":2,"featured_media":0,"parent":0,"menu_order":0,"comment_status":"closed","ping_status":"closed","template":"","meta":{"footnotes":""},"class_list":["post-17","page","type-page","status-publish","hentry"],"_links":{"self":[{"href":"http:\/\/zweckverband-hamburger-hallig.de\/index.php?rest_route=\/wp\/v2\/pages\/17","targetHints":{"allow":["GET"]}}],"collection":[{"href":"http:\/\/zweckverband-hamburger-hallig.de\/index.php?rest_route=\/wp\/v2\/pages"}],"about":[{"href":"http:\/\/zweckverband-hamburger-hallig.de\/index.php?rest_route=\/wp\/v2\/types\/page"}],"author":[{"embeddable":true,"href":"http:\/\/zweckverband-hamburger-hallig.de\/index.php?rest_route=\/wp\/v2\/users\/2"}],"replies":[{"embeddable":true,"href":"http:\/\/zweckverband-hamburger-hallig.de\/index.php?rest_route=%2Fwp%2Fv2%2Fcomments&post=17"}],"version-history":[{"count":5,"href":"http:\/\/zweckverband-hamburger-hallig.de\/index.php?rest_route=\/wp\/v2\/pages\/17\/revisions"}],"predecessor-version":[{"id":91,"href":"http:\/\/zweckverband-hamburger-hallig.de\/index.php?rest_route=\/wp\/v2\/pages\/17\/revisions\/91"}],"wp:attachment":[{"href":"http:\/\/zweckverband-hamburger-hallig.de\/index.php?rest_route=%2Fwp%2Fv2%2Fmedia&parent=17"}],"curies":[{"name":"wp","href":"https:\/\/api.w.org\/{rel}","templated":true}]}}